{"id":1006,"date":"2023-01-11T17:10:30","date_gmt":"2023-01-11T14:10:30","guid":{"rendered":"http:\/\/gurupaydinlatma.com.tr\/?post_type=product&#038;p=1006"},"modified":"2025-06-28T18:14:43","modified_gmt":"2025-06-28T15:14:43","slug":"orumcek-plafonyer","status":"publish","type":"product","link":"http:\/\/gurupaydinlatma.com.tr\/index.php\/urun\/orumcek-plafonyer\/","title":{"rendered":"\u00d6R\u00dcMCEK PLAFONYER"},"content":{"rendered":"<ul>\n<li>Al\u00fcminyum d\u00f6k\u00fcm g\u00f6vde<\/li>\n<li>Polikarbon diff\u00fczer<\/li>\n<li>E 27 porselen duy<\/li>\n<li>elektrostatik toz boya<\/li>\n<li>siyah &#8211; beyaz -antrasit renk se\u00e7ene\u011fi<\/li>\n<li>sipari\u015f \u00fczerine farkl\u0131 renk de olabilir<\/li>\n<\/ul>\n","protected":false},"excerpt":{"rendered":"<p>Al\u00fcminyum d\u00f6k\u00fcm g\u00f6vde Polikarbon diff\u00fczer E 27 porselen duy elektrostatik toz boya siyah &#8211; beyaz -antrasit renk se\u00e7ene\u011fi sipari\u015f \u00fczerine farkl\u0131 renk de olabilir<\/p>\n","protected":false},"featured_media":661,"comment_status":"open","ping_status":"closed","template":"","meta":[],"product_cat":[27],"product_tag":[],"class_list":{"0":"post-1006","1":"product","2":"type-product","3":"status-publish","4":"has-post-thumbnail","6":"product_cat-plafonier","8":"first","9":"instock","10":"taxable","11":"shipping-taxable","12":"product-type-simple"},"_links":{"self":[{"href":"http:\/\/gurupaydinlatma.com.tr\/index.php\/wp-json\/wp\/v2\/product\/1006","targetHints":{"allow":["GET"]}}],"collection":[{"href":"http:\/\/gurupaydinlatma.com.tr\/index.php\/wp-json\/wp\/v2\/product"}],"about":[{"href":"http:\/\/gurupaydinlatma.com.tr\/index.php\/wp-json\/wp\/v2\/types\/product"}],"replies":[{"embeddable":true,"href":"http:\/\/gurupaydinlatma.com.tr\/index.php\/wp-json\/wp\/v2\/comments?post=1006"}],"wp:featuredmedia":[{"embeddable":true,"href":"http:\/\/gurupaydinlatma.com.tr\/index.php\/wp-json\/wp\/v2\/media\/661"}],"wp:attachment":[{"href":"http:\/\/gurupaydinlatma.com.tr\/index.php\/wp-json\/wp\/v2\/media?parent=1006"}],"wp:term":[{"taxonomy":"product_cat","embeddable":true,"href":"http:\/\/gurupaydinlatma.com.tr\/index.php\/wp-json\/wp\/v2\/product_cat?post=1006"},{"taxonomy":"product_tag","embeddable":true,"href":"http:\/\/gurupaydinlatma.com.tr\/index.php\/wp-json\/wp\/v2\/product_tag?post=1006"}],"curies":[{"name":"wp","href":"https:\/\/api.w.org\/{rel}","templated":true}]}}