{"id":1090,"date":"2023-01-14T14:46:54","date_gmt":"2023-01-14T11:46:54","guid":{"rendered":"http:\/\/gurupaydinlatma.com.tr\/?post_type=product&#038;p=1090"},"modified":"2025-06-28T17:59:37","modified_gmt":"2025-06-28T14:59:37","slug":"kucuk-ulubatli","status":"publish","type":"product","link":"http:\/\/gurupaydinlatma.com.tr\/index.php\/urun\/kucuk-ulubatli\/","title":{"rendered":"K\u00dc\u00c7\u00dcK ULUBATLI"},"content":{"rendered":"<p>GA 16.390<\/p>\n<p>\u2022 \u00c7elik boru g\u00f6vde<br \/>\n\u2022 Al\u00fcminyum d\u00f6k\u00fcm kaide kol ve armat\u00fcr<br \/>\n\u2022 Polikarbon diff\u00fczer<br \/>\n\u2022\u00a0 E27 duy<br \/>\n\u2022 Elektrostatik toz boya<br \/>\n\u2022 300 Cm<\/p>\n<p>&nbsp;<\/p>\n","protected":false},"excerpt":{"rendered":"<p>GA 16.390 \u2022 \u00c7elik boru g\u00f6vde \u2022 Al\u00fcminyum d\u00f6k\u00fcm kaide kol ve armat\u00fcr \u2022 Polikarbon diff\u00fczer \u2022\u00a0 E27 duy \u2022 Elektrostatik toz boya \u2022 300 Cm &nbsp;<\/p>\n","protected":false},"featured_media":1818,"comment_status":"open","ping_status":"closed","template":"","meta":[],"product_cat":[26],"product_tag":[],"class_list":{"0":"post-1090","1":"product","2":"type-product","3":"status-publish","4":"has-post-thumbnail","6":"product_cat-klasik-aydinlatma-direkleri","8":"first","9":"instock","10":"taxable","11":"shipping-taxable","12":"product-type-simple"},"_links":{"self":[{"href":"http:\/\/gurupaydinlatma.com.tr\/index.php\/wp-json\/wp\/v2\/product\/1090","targetHints":{"allow":["GET"]}}],"collection":[{"href":"http:\/\/gurupaydinlatma.com.tr\/index.php\/wp-json\/wp\/v2\/product"}],"about":[{"href":"http:\/\/gurupaydinlatma.com.tr\/index.php\/wp-json\/wp\/v2\/types\/product"}],"replies":[{"embeddable":true,"href":"http:\/\/gurupaydinlatma.com.tr\/index.php\/wp-json\/wp\/v2\/comments?post=1090"}],"wp:featuredmedia":[{"embeddable":true,"href":"http:\/\/gurupaydinlatma.com.tr\/index.php\/wp-json\/wp\/v2\/media\/1818"}],"wp:attachment":[{"href":"http:\/\/gurupaydinlatma.com.tr\/index.php\/wp-json\/wp\/v2\/media?parent=1090"}],"wp:term":[{"taxonomy":"product_cat","embeddable":true,"href":"http:\/\/gurupaydinlatma.com.tr\/index.php\/wp-json\/wp\/v2\/product_cat?post=1090"},{"taxonomy":"product_tag","embeddable":true,"href":"http:\/\/gurupaydinlatma.com.tr\/index.php\/wp-json\/wp\/v2\/product_tag?post=1090"}],"curies":[{"name":"wp","href":"https:\/\/api.w.org\/{rel}","templated":true}]}}