{"id":1098,"date":"2023-01-14T16:16:53","date_gmt":"2023-01-14T13:16:53","guid":{"rendered":"http:\/\/gurupaydinlatma.com.tr\/?post_type=product&#038;p=1098"},"modified":"2025-06-28T17:58:05","modified_gmt":"2025-06-28T14:58:05","slug":"saray-fener-aplik","status":"publish","type":"product","link":"http:\/\/gurupaydinlatma.com.tr\/index.php\/urun\/saray-fener-aplik\/","title":{"rendered":"SARAY FENER APL\u0130K"},"content":{"rendered":"<p>GA 16.405<\/p>\n<p>\u2022 Al\u00fcminyum d\u00f6k\u00fcm kol kafa\u00a0\u00a0ve kaide<br \/>\n\u2022 Polikarbon diff\u00fczer<br \/>\n\u2022 E27 duy<br \/>\n\u2022 Elektrostatik toz boya<br \/>\n\u2022 H 60 W 35 cm<\/p>\n","protected":false},"excerpt":{"rendered":"<p>GA 16.405 \u2022 Al\u00fcminyum d\u00f6k\u00fcm kol kafa\u00a0\u00a0ve kaide \u2022 Polikarbon diff\u00fczer \u2022 E27 duy \u2022 Elektrostatik toz boya \u2022 H 60 W 35 cm<\/p>\n","protected":false},"featured_media":884,"comment_status":"open","ping_status":"closed","template":"","meta":[],"product_cat":[35],"product_tag":[],"class_list":{"0":"post-1098","1":"product","2":"type-product","3":"status-publish","4":"has-post-thumbnail","6":"product_cat-dis-mekan-aplik","8":"first","9":"instock","10":"taxable","11":"shipping-taxable","12":"product-type-simple"},"_links":{"self":[{"href":"http:\/\/gurupaydinlatma.com.tr\/index.php\/wp-json\/wp\/v2\/product\/1098","targetHints":{"allow":["GET"]}}],"collection":[{"href":"http:\/\/gurupaydinlatma.com.tr\/index.php\/wp-json\/wp\/v2\/product"}],"about":[{"href":"http:\/\/gurupaydinlatma.com.tr\/index.php\/wp-json\/wp\/v2\/types\/product"}],"replies":[{"embeddable":true,"href":"http:\/\/gurupaydinlatma.com.tr\/index.php\/wp-json\/wp\/v2\/comments?post=1098"}],"wp:featuredmedia":[{"embeddable":true,"href":"http:\/\/gurupaydinlatma.com.tr\/index.php\/wp-json\/wp\/v2\/media\/884"}],"wp:attachment":[{"href":"http:\/\/gurupaydinlatma.com.tr\/index.php\/wp-json\/wp\/v2\/media?parent=1098"}],"wp:term":[{"taxonomy":"product_cat","embeddable":true,"href":"http:\/\/gurupaydinlatma.com.tr\/index.php\/wp-json\/wp\/v2\/product_cat?post=1098"},{"taxonomy":"product_tag","embeddable":true,"href":"http:\/\/gurupaydinlatma.com.tr\/index.php\/wp-json\/wp\/v2\/product_tag?post=1098"}],"curies":[{"name":"wp","href":"https:\/\/api.w.org\/{rel}","templated":true}]}}