{"id":1145,"date":"2023-01-16T18:34:33","date_gmt":"2023-01-16T15:34:33","guid":{"rendered":"http:\/\/gurupaydinlatma.com.tr\/?post_type=product&#038;p=1145"},"modified":"2025-06-28T17:49:40","modified_gmt":"2025-06-28T14:49:40","slug":"handa","status":"publish","type":"product","link":"http:\/\/gurupaydinlatma.com.tr\/index.php\/urun\/handa\/","title":{"rendered":"HANDA"},"content":{"rendered":"<p>GA 16.620<\/p>\n<p>Al\u00fcminyum d\u00f6k\u00fcm kafa ve kaide<br \/>\n\u2022 \u00c7elik boru g\u00f6vde<br \/>\n\u2022 Polikarbon<br \/>\n\u2022 Diff\u00fczer E 27 duy<br \/>\n\u2022 Elektrostatik toz boya<\/p>\n<p><span style=\"font-weight: 400;\">\u2022 H 300 cm<br \/>\n<\/span><\/p>\n","protected":false},"excerpt":{"rendered":"<p>GA 16.620 Al\u00fcminyum d\u00f6k\u00fcm kafa ve kaide \u2022 \u00c7elik boru g\u00f6vde \u2022 Polikarbon \u2022 Diff\u00fczer E 27 duy \u2022 Elektrostatik toz boya \u2022 H 300 cm<\/p>\n","protected":false},"featured_media":1791,"comment_status":"open","ping_status":"closed","template":"","meta":[],"product_cat":[26],"product_tag":[],"class_list":{"0":"post-1145","1":"product","2":"type-product","3":"status-publish","4":"has-post-thumbnail","6":"product_cat-klasik-aydinlatma-direkleri","8":"first","9":"instock","10":"taxable","11":"shipping-taxable","12":"product-type-simple"},"_links":{"self":[{"href":"http:\/\/gurupaydinlatma.com.tr\/index.php\/wp-json\/wp\/v2\/product\/1145","targetHints":{"allow":["GET"]}}],"collection":[{"href":"http:\/\/gurupaydinlatma.com.tr\/index.php\/wp-json\/wp\/v2\/product"}],"about":[{"href":"http:\/\/gurupaydinlatma.com.tr\/index.php\/wp-json\/wp\/v2\/types\/product"}],"replies":[{"embeddable":true,"href":"http:\/\/gurupaydinlatma.com.tr\/index.php\/wp-json\/wp\/v2\/comments?post=1145"}],"wp:featuredmedia":[{"embeddable":true,"href":"http:\/\/gurupaydinlatma.com.tr\/index.php\/wp-json\/wp\/v2\/media\/1791"}],"wp:attachment":[{"href":"http:\/\/gurupaydinlatma.com.tr\/index.php\/wp-json\/wp\/v2\/media?parent=1145"}],"wp:term":[{"taxonomy":"product_cat","embeddable":true,"href":"http:\/\/gurupaydinlatma.com.tr\/index.php\/wp-json\/wp\/v2\/product_cat?post=1145"},{"taxonomy":"product_tag","embeddable":true,"href":"http:\/\/gurupaydinlatma.com.tr\/index.php\/wp-json\/wp\/v2\/product_tag?post=1145"}],"curies":[{"name":"wp","href":"https:\/\/api.w.org\/{rel}","templated":true}]}}