{"id":1183,"date":"2023-01-18T12:28:43","date_gmt":"2023-01-18T09:28:43","guid":{"rendered":"http:\/\/gurupaydinlatma.com.tr\/?post_type=product&#038;p=1183"},"modified":"2025-06-28T17:43:02","modified_gmt":"2025-06-28T14:43:02","slug":"beylerbeyi-setustu","status":"publish","type":"product","link":"http:\/\/gurupaydinlatma.com.tr\/index.php\/urun\/beylerbeyi-setustu\/","title":{"rendered":"BEYLERBEY\u0130 SET\u00dcST\u00dc"},"content":{"rendered":"<p>GA 16.900<\/p>\n<p>\u2022 Al\u00fcminyum d\u00f6k\u00fcm kafa ve kaide<br \/>\n\u2022 Cam diff\u00fczer<br \/>\n\u2022\u00a0 E27 duy<br \/>\n\u2022 Elektrostatik toz boya<br \/>\n\u2022 H 95 cm W 40 cm<\/p>\n","protected":false},"excerpt":{"rendered":"<p>GA 16.900 \u2022 Al\u00fcminyum d\u00f6k\u00fcm kafa ve kaide \u2022 Cam diff\u00fczer \u2022\u00a0 E27 duy \u2022 Elektrostatik toz boya \u2022 H 95 cm W 40 cm<\/p>\n","protected":false},"featured_media":1630,"comment_status":"open","ping_status":"closed","template":"","meta":[],"product_cat":[30],"product_tag":[],"class_list":{"0":"post-1183","1":"product","2":"type-product","3":"status-publish","4":"has-post-thumbnail","6":"product_cat-bollard","8":"first","9":"instock","10":"taxable","11":"shipping-taxable","12":"product-type-simple"},"_links":{"self":[{"href":"http:\/\/gurupaydinlatma.com.tr\/index.php\/wp-json\/wp\/v2\/product\/1183","targetHints":{"allow":["GET"]}}],"collection":[{"href":"http:\/\/gurupaydinlatma.com.tr\/index.php\/wp-json\/wp\/v2\/product"}],"about":[{"href":"http:\/\/gurupaydinlatma.com.tr\/index.php\/wp-json\/wp\/v2\/types\/product"}],"replies":[{"embeddable":true,"href":"http:\/\/gurupaydinlatma.com.tr\/index.php\/wp-json\/wp\/v2\/comments?post=1183"}],"wp:featuredmedia":[{"embeddable":true,"href":"http:\/\/gurupaydinlatma.com.tr\/index.php\/wp-json\/wp\/v2\/media\/1630"}],"wp:attachment":[{"href":"http:\/\/gurupaydinlatma.com.tr\/index.php\/wp-json\/wp\/v2\/media?parent=1183"}],"wp:term":[{"taxonomy":"product_cat","embeddable":true,"href":"http:\/\/gurupaydinlatma.com.tr\/index.php\/wp-json\/wp\/v2\/product_cat?post=1183"},{"taxonomy":"product_tag","embeddable":true,"href":"http:\/\/gurupaydinlatma.com.tr\/index.php\/wp-json\/wp\/v2\/product_tag?post=1183"}],"curies":[{"name":"wp","href":"https:\/\/api.w.org\/{rel}","templated":true}]}}