{"id":1192,"date":"2023-01-20T15:21:33","date_gmt":"2023-01-20T12:21:33","guid":{"rendered":"http:\/\/gurupaydinlatma.com.tr\/?post_type=product&#038;p=1192"},"modified":"2025-06-28T17:41:15","modified_gmt":"2025-06-28T14:41:15","slug":"mini-kare-bollard-2","status":"publish","type":"product","link":"http:\/\/gurupaydinlatma.com.tr\/index.php\/urun\/mini-kare-bollard-2\/","title":{"rendered":"M\u0130N\u0130 KARE BOLLARD 2"},"content":{"rendered":"<p>GA 16.945<\/p>\n<ul>\n<li>Al\u00fcminyum d\u00f6k\u00fcm kafa<\/li>\n<li>\u00c7elik boru ve flan\u015f g\u00f6vde<\/li>\n<li>Cam diff\u00fczer<\/li>\n<li>E27 duy<\/li>\n<li>Elektrostatik toz boya<\/li>\n<li>H 90 cm<\/li>\n<\/ul>\n<p>&nbsp;<\/p>\n","protected":false},"excerpt":{"rendered":"<p>GA 16.945 Al\u00fcminyum d\u00f6k\u00fcm kafa \u00c7elik boru ve flan\u015f g\u00f6vde Cam diff\u00fczer E27 duy Elektrostatik toz boya H 90 cm &nbsp;<\/p>\n","protected":false},"featured_media":1624,"comment_status":"open","ping_status":"closed","template":"","meta":[],"product_cat":[30],"product_tag":[],"class_list":{"0":"post-1192","1":"product","2":"type-product","3":"status-publish","4":"has-post-thumbnail","6":"product_cat-bollard","8":"first","9":"instock","10":"taxable","11":"shipping-taxable","12":"product-type-simple"},"_links":{"self":[{"href":"http:\/\/gurupaydinlatma.com.tr\/index.php\/wp-json\/wp\/v2\/product\/1192","targetHints":{"allow":["GET"]}}],"collection":[{"href":"http:\/\/gurupaydinlatma.com.tr\/index.php\/wp-json\/wp\/v2\/product"}],"about":[{"href":"http:\/\/gurupaydinlatma.com.tr\/index.php\/wp-json\/wp\/v2\/types\/product"}],"replies":[{"embeddable":true,"href":"http:\/\/gurupaydinlatma.com.tr\/index.php\/wp-json\/wp\/v2\/comments?post=1192"}],"wp:featuredmedia":[{"embeddable":true,"href":"http:\/\/gurupaydinlatma.com.tr\/index.php\/wp-json\/wp\/v2\/media\/1624"}],"wp:attachment":[{"href":"http:\/\/gurupaydinlatma.com.tr\/index.php\/wp-json\/wp\/v2\/media?parent=1192"}],"wp:term":[{"taxonomy":"product_cat","embeddable":true,"href":"http:\/\/gurupaydinlatma.com.tr\/index.php\/wp-json\/wp\/v2\/product_cat?post=1192"},{"taxonomy":"product_tag","embeddable":true,"href":"http:\/\/gurupaydinlatma.com.tr\/index.php\/wp-json\/wp\/v2\/product_tag?post=1192"}],"curies":[{"name":"wp","href":"https:\/\/api.w.org\/{rel}","templated":true}]}}