{"id":1204,"date":"2023-01-20T16:27:34","date_gmt":"2023-01-20T13:27:34","guid":{"rendered":"http:\/\/gurupaydinlatma.com.tr\/?post_type=product&#038;p=1204"},"modified":"2025-06-28T17:39:39","modified_gmt":"2025-06-28T14:39:39","slug":"mini-bombeli","status":"publish","type":"product","link":"http:\/\/gurupaydinlatma.com.tr\/index.php\/urun\/mini-bombeli\/","title":{"rendered":"M\u0130N\u0130 BOMBEL\u0130"},"content":{"rendered":"<p>GA 17.010<\/p>\n<ul>\n<li>Al\u00fcminyum d\u00f6k\u00fcm kafa , kol ve kaide<\/li>\n<li>\u00c7elik boru g\u00f6vde<\/li>\n<li>Bizoteli cam diff\u00fczer<\/li>\n<li>E27 duy<\/li>\n<li>Elektrostatik toz boya<\/li>\n<li>H 270 cm<\/li>\n<\/ul>\n","protected":false},"excerpt":{"rendered":"<p>GA 17.010 Al\u00fcminyum d\u00f6k\u00fcm kafa , kol ve kaide \u00c7elik boru g\u00f6vde Bizoteli cam diff\u00fczer E27 duy Elektrostatik toz boya H 270 cm<\/p>\n","protected":false},"featured_media":1756,"comment_status":"open","ping_status":"closed","template":"","meta":[],"product_cat":[26],"product_tag":[],"class_list":{"0":"post-1204","1":"product","2":"type-product","3":"status-publish","4":"has-post-thumbnail","6":"product_cat-klasik-aydinlatma-direkleri","8":"first","9":"instock","10":"taxable","11":"shipping-taxable","12":"product-type-simple"},"_links":{"self":[{"href":"http:\/\/gurupaydinlatma.com.tr\/index.php\/wp-json\/wp\/v2\/product\/1204","targetHints":{"allow":["GET"]}}],"collection":[{"href":"http:\/\/gurupaydinlatma.com.tr\/index.php\/wp-json\/wp\/v2\/product"}],"about":[{"href":"http:\/\/gurupaydinlatma.com.tr\/index.php\/wp-json\/wp\/v2\/types\/product"}],"replies":[{"embeddable":true,"href":"http:\/\/gurupaydinlatma.com.tr\/index.php\/wp-json\/wp\/v2\/comments?post=1204"}],"wp:featuredmedia":[{"embeddable":true,"href":"http:\/\/gurupaydinlatma.com.tr\/index.php\/wp-json\/wp\/v2\/media\/1756"}],"wp:attachment":[{"href":"http:\/\/gurupaydinlatma.com.tr\/index.php\/wp-json\/wp\/v2\/media?parent=1204"}],"wp:term":[{"taxonomy":"product_cat","embeddable":true,"href":"http:\/\/gurupaydinlatma.com.tr\/index.php\/wp-json\/wp\/v2\/product_cat?post=1204"},{"taxonomy":"product_tag","embeddable":true,"href":"http:\/\/gurupaydinlatma.com.tr\/index.php\/wp-json\/wp\/v2\/product_tag?post=1204"}],"curies":[{"name":"wp","href":"https:\/\/api.w.org\/{rel}","templated":true}]}}