{"id":1232,"date":"2023-01-21T15:09:50","date_gmt":"2023-01-21T12:09:50","guid":{"rendered":"http:\/\/gurupaydinlatma.com.tr\/?post_type=product&#038;p=1232"},"modified":"2025-06-28T17:35:16","modified_gmt":"2025-06-28T14:35:16","slug":"yarim-papatya-bollard","status":"publish","type":"product","link":"http:\/\/gurupaydinlatma.com.tr\/index.php\/urun\/yarim-papatya-bollard\/","title":{"rendered":"YARIM PAPATYA BOLLARD"},"content":{"rendered":"<p>GA 17.145<\/p>\n<ul>\n<li>Al\u00fcminyum d\u00f6k\u00fcm\u00a0 kafa<\/li>\n<li>\u00e7elik boru g\u00f6vde ve flan\u015fl\u0131 kaide<\/li>\n<li>polikarbon diff\u00fczer<\/li>\n<li>E27 duy<\/li>\n<li>Elektrostatik toz boya<\/li>\n<li>H 100 cm<\/li>\n<\/ul>\n","protected":false},"excerpt":{"rendered":"<p>GA 17.145 Al\u00fcminyum d\u00f6k\u00fcm\u00a0 kafa \u00e7elik boru g\u00f6vde ve flan\u015fl\u0131 kaide polikarbon diff\u00fczer E27 duy Elektrostatik toz boya H 100 cm<\/p>\n","protected":false},"featured_media":992,"comment_status":"open","ping_status":"closed","template":"","meta":[],"product_cat":[30],"product_tag":[],"class_list":{"0":"post-1232","1":"product","2":"type-product","3":"status-publish","4":"has-post-thumbnail","6":"product_cat-bollard","8":"first","9":"instock","10":"taxable","11":"shipping-taxable","12":"product-type-simple"},"_links":{"self":[{"href":"http:\/\/gurupaydinlatma.com.tr\/index.php\/wp-json\/wp\/v2\/product\/1232","targetHints":{"allow":["GET"]}}],"collection":[{"href":"http:\/\/gurupaydinlatma.com.tr\/index.php\/wp-json\/wp\/v2\/product"}],"about":[{"href":"http:\/\/gurupaydinlatma.com.tr\/index.php\/wp-json\/wp\/v2\/types\/product"}],"replies":[{"embeddable":true,"href":"http:\/\/gurupaydinlatma.com.tr\/index.php\/wp-json\/wp\/v2\/comments?post=1232"}],"wp:featuredmedia":[{"embeddable":true,"href":"http:\/\/gurupaydinlatma.com.tr\/index.php\/wp-json\/wp\/v2\/media\/992"}],"wp:attachment":[{"href":"http:\/\/gurupaydinlatma.com.tr\/index.php\/wp-json\/wp\/v2\/media?parent=1232"}],"wp:term":[{"taxonomy":"product_cat","embeddable":true,"href":"http:\/\/gurupaydinlatma.com.tr\/index.php\/wp-json\/wp\/v2\/product_cat?post=1232"},{"taxonomy":"product_tag","embeddable":true,"href":"http:\/\/gurupaydinlatma.com.tr\/index.php\/wp-json\/wp\/v2\/product_tag?post=1232"}],"curies":[{"name":"wp","href":"https:\/\/api.w.org\/{rel}","templated":true}]}}